{"id":61,"date":"2025-08-26T07:19:11","date_gmt":"2025-08-26T07:19:11","guid":{"rendered":"https:\/\/umarmia.de\/?page_id=61"},"modified":"2025-08-27T07:58:02","modified_gmt":"2025-08-27T07:58:02","slug":"ueber-umarmia","status":"publish","type":"page","link":"https:\/\/umarmia.de\/?page_id=61","title":{"rendered":"\u00dcber Umarmia"},"content":{"rendered":"\t\t<div data-elementor-type=\"wp-page\" data-elementor-id=\"61\" class=\"elementor elementor-61\" data-elementor-post-type=\"page\">\n\t\t\t\t<div class=\"elementor-element elementor-element-0862923 e-flex e-con-boxed e-con e-parent\" data-id=\"0862923\" data-element_type=\"container\">\n\t\t\t\t\t<div class=\"e-con-inner\">\n\t\t\t\t<div class=\"elementor-element elementor-element-290e698 elementor-widget elementor-widget-heading\" data-id=\"290e698\" data-element_type=\"widget\" data-widget_type=\"heading.default\">\n\t\t\t\t\t<h1 class=\"elementor-heading-title elementor-size-default\">\u00dcber Umarmia<\/h1>\t\t\t\t<\/div>\n\t\t\t\t\t<\/div>\n\t\t\t\t<\/div>\n\t\t<div class=\"elementor-element elementor-element-603f5e4 e-flex e-con-boxed e-con e-parent\" data-id=\"603f5e4\" data-element_type=\"container\">\n\t\t\t\t\t<div class=\"e-con-inner\">\n\t\t\t\t<div class=\"elementor-element elementor-element-4e978fc elementor-widget elementor-widget-text-editor\" data-id=\"4e978fc\" data-element_type=\"widget\" data-widget_type=\"text-editor.default\">\n\t\t\t\t\t\t\t\t\t<p style=\"font-weight: 400;\">Die Republik\u00a0<strong>Umarmia<\/strong>\u00a0ist ein junges, doch traditionsreiches Land der Geborgenheit.<br \/>Gegr\u00fcndet wurde es am\u00a0<strong>14. Tag im 1. Pl\u00fcsch des Kuschelmonats 1<\/strong>\u00a0\u2013 einem Tag, der seither als\u00a0<strong>Nationaltag der Umarmungen<\/strong>\u00a0gefeiert wird.<br \/>An diesem besonderen Tag beschlossen die Gr\u00fcnder:innen von Umarmia auch die\u00a0<strong>Verfassung der Umarmungen<\/strong>, die bis heute das Herzst\u00fcck unseres Zusammenlebens ist. Sie garantiert jedem Wesen das Recht auf W\u00e4rme, N\u00e4he und gegenseitige R\u00fccksicht.<\/p><p style=\"font-weight: 400;\"><strong>Die Idee von Umarmia<br \/><\/strong>Umarmia entstand aus dem Traum, einen Ort zu schaffen, an dem niemand einsam bleibt und jedes Kuscheltier und jeder Mensch sein kann, wie er oder sie ist. Statt Grenzen gibt es hier offene Arme, statt Mauern weiche Kissen, und statt strenger Befehle gelten die Regeln der Freundschaft, der Liebe und des Kuschelns.<\/p>\t\t\t\t\t\t\t\t<\/div>\n\t\t\t\t\t<\/div>\n\t\t\t\t<\/div>\n\t\t<div class=\"elementor-element elementor-element-2620e5b e-flex e-con-boxed e-con e-parent\" data-id=\"2620e5b\" data-element_type=\"container\" data-settings=\"{&quot;background_background&quot;:&quot;gradient&quot;}\">\n\t\t\t\t\t<div class=\"e-con-inner\">\n\t\t<div class=\"elementor-element elementor-element-0a7c0ee e-con-full e-flex e-con e-child\" data-id=\"0a7c0ee\" data-element_type=\"container\">\n\t\t\t\t<div class=\"elementor-element elementor-element-724824e elementor-widget elementor-widget-text-editor\" data-id=\"724824e\" data-element_type=\"widget\" data-widget_type=\"text-editor.default\">\n\t\t\t\t\t\t\t\t\t<p style=\"font-weight: 400;\"><strong>Symbole unseres Landes<\/strong><\/p><ul style=\"font-weight: 400;\"><li><strong>Das Wappen:<\/strong> Ein Teddyb\u00e4r mit ausgebreiteten Armen, umrahmt von Sternen.<\/li><li><strong>Der Nationaltag:<\/strong>\u00a014. Pl\u00fcsch im Kuschelmonat 1 \u2013 Tag der Verfassung und der gro\u00dfen Umarmung.<\/li><\/ul><p style=\"font-weight: 400;\"><strong>Unser Versprechen<br \/><\/strong>Umarmia ist mehr als ein Land: Es ist ein Gef\u00fchl von Heimat, das alle verbindet, die Trost, Freude und N\u00e4he suchen.<br \/>Wir laden jede und jeden ein, Teil dieser besonderen Gemeinschaft zu werden \u2013 sei es als B\u00fcrger:in, als Kuscheltierfreund oder einfach als Herz, das eine Umarmung braucht.<\/p>\t\t\t\t\t\t\t\t<\/div>\n\t\t\t\t<\/div>\n\t\t<div class=\"elementor-element elementor-element-d8ad341 e-con-full e-flex e-con e-child\" data-id=\"d8ad341\" data-element_type=\"container\">\n\t\t\t\t<div class=\"elementor-element elementor-element-37dfa9b elementor-widget elementor-widget-image\" data-id=\"37dfa9b\" data-element_type=\"widget\" data-widget_type=\"image.default\">\n\t\t\t\t\t\t\t\t\t\t\t\t\t\t\t<img fetchpriority=\"high\" decoding=\"async\" width=\"512\" height=\"512\" src=\"https:\/\/umarmia.de\/wp-content\/uploads\/2025\/08\/cropped-cropped-2025-08-22-Logo.png\" class=\"attachment-large size-large wp-image-25\" alt=\"Logo Umarmia\" srcset=\"https:\/\/umarmia.de\/wp-content\/uploads\/2025\/08\/cropped-cropped-2025-08-22-Logo.png 512w, https:\/\/umarmia.de\/wp-content\/uploads\/2025\/08\/cropped-cropped-2025-08-22-Logo-300x300.png 300w, https:\/\/umarmia.de\/wp-content\/uploads\/2025\/08\/cropped-cropped-2025-08-22-Logo-150x150.png 150w, https:\/\/umarmia.de\/wp-content\/uploads\/2025\/08\/cropped-cropped-2025-08-22-Logo-270x270.png 270w, https:\/\/umarmia.de\/wp-content\/uploads\/2025\/08\/cropped-cropped-2025-08-22-Logo-192x192.png 192w, https:\/\/umarmia.de\/wp-content\/uploads\/2025\/08\/cropped-cropped-2025-08-22-Logo-180x180.png 180w, https:\/\/umarmia.de\/wp-content\/uploads\/2025\/08\/cropped-cropped-2025-08-22-Logo-32x32.png 32w\" sizes=\"(max-width: 512px) 100vw, 512px\" \/>\t\t\t\t\t\t\t\t\t\t\t\t\t\t\t<\/div>\n\t\t\t\t<\/div>\n\t\t\t\t\t<\/div>\n\t\t\t\t<\/div>\n\t\t<div class=\"elementor-element elementor-element-f9d43dc e-flex e-con-boxed e-con e-parent\" data-id=\"f9d43dc\" data-element_type=\"container\">\n\t\t\t\t\t<div class=\"e-con-inner\">\n\t\t\t\t<div class=\"elementor-element elementor-element-06df4b7 elementor-widget elementor-widget-spacer\" data-id=\"06df4b7\" data-element_type=\"widget\" data-widget_type=\"spacer.default\">\n\t\t\t\t\t\t\t<div class=\"elementor-spacer\">\n\t\t\t<div class=\"elementor-spacer-inner\"><\/div>\n\t\t<\/div>\n\t\t\t\t\t\t<\/div>\n\t\t\t\t\t<\/div>\n\t\t\t\t<\/div>\n\t\t<div class=\"elementor-element elementor-element-6ddfc3c e-flex e-con-boxed e-con e-parent\" data-id=\"6ddfc3c\" data-element_type=\"container\">\n\t\t\t\t\t<div class=\"e-con-inner\">\n\t\t\t\t<div class=\"elementor-element elementor-element-29a9d97 elementor-widget elementor-widget-text-editor\" data-id=\"29a9d97\" data-element_type=\"widget\" data-widget_type=\"text-editor.default\">\n\t\t\t\t\t\t\t\t\t<p style=\"font-weight: 400;\"><strong>Warum jedes Kuscheltier einen eigenen Pass braucht<\/strong><\/p><p style=\"font-weight: 400;\">In der Republik Umarmia glauben wir daran, dass jedes Kuscheltier einzigartig und wertvoll ist.<br \/>Ob Teddy, Hase, Fantasiedrache oder kleiner Stofffreund \u2013 alle haben ihre eigene Geschichte, ihre eigenen Abenteuer und ihr eigenes Herz.<\/p><p style=\"font-weight: 400;\">Ein\u00a0<strong>Kuscheltier-Pass<\/strong>\u00a0ist mehr als nur ein Dokument:<\/p><ul style=\"font-weight: 400;\"><li>\ud83e\uddf8\u00a0<strong>Identit\u00e4t &amp; W\u00fcrde<\/strong>: Der Pass macht sichtbar, dass jedes Kuscheltier ein vollwertiges Mitglied unserer Gemeinschaft ist.<\/li><li>\ud83e\udd17\u00a0<strong>Zugeh\u00f6rigkeit<\/strong>: Er verbindet alle Kuscheltiere mit der Republik Umarmia und zeigt: \u201eIch geh\u00f6re dazu.\u201c<\/li><li>\ud83c\udf0d\u00a0<strong>Reisefreude<\/strong>: Mit dem Pass k\u00f6nnen Kuscheltiere symbolisch an allen Reisen und Abenteuern ihrer Besitzer:innen teilnehmen \u2013 mit Stempeln, Erinnerungen und Geschichten.<\/li><li>\ud83d\udc96\u00a0<strong>Schutz &amp; Geborgenheit<\/strong>: Ein offizieller Pass bedeutet, dass kein Kuscheltier jemals vergessen oder zur\u00fcckgelassen werden soll.<\/li><\/ul><p style=\"font-weight: 400;\">So wie jeder Mensch einen Ausweis tr\u00e4gt, sollen auch unsere treuen Pl\u00fcschbegleiter stolz ihre Zugeh\u00f6rigkeit zeigen k\u00f6nnen.<br \/>Der\u00a0<strong>Kuscheltier-Pass von Umarmia<\/strong>\u00a0ist daher nicht nur ein St\u00fcck Papier \u2013 er ist ein Versprechen:<br \/><em>\u201eDu bist wichtig. Du bist geliebt. Du geh\u00f6rst dazu.\u201c<\/em><\/p>\t\t\t\t\t\t\t\t<\/div>\n\t\t\t\t<div class=\"elementor-element elementor-element-3a8f9d6 elementor-widget elementor-widget-button\" data-id=\"3a8f9d6\" data-element_type=\"widget\" data-widget_type=\"button.default\">\n\t\t\t\t\t\t\t\t\t\t<a class=\"elementor-button elementor-button-link elementor-size-sm\" href=\"#\">\n\t\t\t\t\t\t<span class=\"elementor-button-content-wrapper\">\n\t\t\t\t\t\t\t\t\t<span class=\"elementor-button-text\">Jetzt einb\u00fcrgern lassen<\/span>\n\t\t\t\t\t<\/span>\n\t\t\t\t\t<\/a>\n\t\t\t\t\t\t\t\t<\/div>\n\t\t\t\t\t<\/div>\n\t\t\t\t<\/div>\n\t\t<div class=\"elementor-element elementor-element-aedaf5e e-flex e-con-boxed e-con e-parent\" data-id=\"aedaf5e\" data-element_type=\"container\">\n\t\t\t\t\t<div class=\"e-con-inner\">\n\t\t\t\t\t<\/div>\n\t\t\t\t<\/div>\n\t\t\t\t<\/div>\n\t\t","protected":false},"excerpt":{"rendered":"<p>\u00dcber Umarmia Die Republik\u00a0Umarmia\u00a0ist ein junges, doch traditionsreiches Land der Geborgenheit.Gegr\u00fcndet wurde es am\u00a014. Tag im 1. Pl\u00fcsch des Kuschelmonats [&hellip;]<\/p>\n","protected":false},"author":1,"featured_media":0,"parent":0,"menu_order":0,"comment_status":"closed","ping_status":"closed","template":"","meta":{"site-sidebar-layout":"no-sidebar","site-content-layout":"","ast-site-content-layout":"full-width-container","site-content-style":"default","site-sidebar-style":"default","ast-global-header-display":"","ast-banner-title-visibility":"","ast-main-header-display":"","ast-hfb-above-header-display":"","ast-hfb-below-header-display":"","ast-hfb-mobile-header-display":"","site-post-title":"disabled","ast-breadcrumbs-content":"","ast-featured-img":"disabled","footer-sml-layout":"","theme-transparent-header-meta":"","adv-header-id-meta":"","stick-header-meta":"","header-above-stick-meta":"","header-main-stick-meta":"","header-below-stick-meta":"","astra-migrate-meta-layouts":"default","ast-page-background-enabled":"default","ast-page-background-meta":{"desktop":{"background-color":"var(--ast-global-color-5)","background-image":"","background-repeat":"repeat","background-position":"center center","background-size":"auto","background-attachment":"scroll","background-type":"","background-media":"","overlay-type":"","overlay-color":"","overlay-opacity":"","overlay-gradient":""},"tablet":{"background-color":"","background-image":"","background-repeat":"repeat","background-position":"center center","background-size":"auto","background-attachment":"scroll","background-type":"","background-media":"","overlay-type":"","overlay-color":"","overlay-opacity":"","overlay-gradient":""},"mobile":{"background-color":"","background-image":"","background-repeat":"repeat","background-position":"center center","background-size":"auto","background-attachment":"scroll","background-type":"","background-media":"","overlay-type":"","overlay-color":"","overlay-opacity":"","overlay-gradient":""}},"ast-content-background-meta":{"desktop":{"background-color":"var(--ast-global-color-4)","background-image":"","background-repeat":"repeat","background-position":"center center","background-size":"auto","background-attachment":"scroll","background-type":"","background-media":"","overlay-type":"","overlay-color":"","overlay-opacity":"","overlay-gradient":""},"tablet":{"background-color":"var(--ast-global-color-4)","background-image":"","background-repeat":"repeat","background-position":"center center","background-size":"auto","background-attachment":"scroll","background-type":"","background-media":"","overlay-type":"","overlay-color":"","overlay-opacity":"","overlay-gradient":""},"mobile":{"background-color":"var(--ast-global-color-4)","background-image":"","background-repeat":"repeat","background-position":"center center","background-size":"auto","background-attachment":"scroll","background-type":"","background-media":"","overlay-type":"","overlay-color":"","overlay-opacity":"","overlay-gradient":""}},"footnotes":""},"class_list":["post-61","page","type-page","status-publish","hentry"],"yoast_head":"<!-- This site is optimized with the Yoast SEO plugin v25.7 - https:\/\/yoast.com\/wordpress\/plugins\/seo\/ -->\n<title>\u00dcber Umarmia - Umarmia<\/title>\n<meta name=\"robots\" content=\"index, follow, max-snippet:-1, max-image-preview:large, max-video-preview:-1\" \/>\n<link rel=\"canonical\" href=\"https:\/\/umarmia.de\/?page_id=61\" \/>\n<meta property=\"og:locale\" content=\"de_DE\" \/>\n<meta property=\"og:type\" content=\"article\" \/>\n<meta property=\"og:title\" content=\"\u00dcber Umarmia - Umarmia\" \/>\n<meta property=\"og:description\" content=\"\u00dcber Umarmia Die Republik\u00a0Umarmia\u00a0ist ein junges, doch traditionsreiches Land der Geborgenheit.Gegr\u00fcndet wurde es am\u00a014. Tag im 1. Pl\u00fcsch des Kuschelmonats [&hellip;]\" \/>\n<meta property=\"og:url\" content=\"https:\/\/umarmia.de\/?page_id=61\" \/>\n<meta property=\"og:site_name\" content=\"Umarmia\" \/>\n<meta property=\"article:modified_time\" content=\"2025-08-27T07:58:02+00:00\" \/>\n<meta property=\"og:image\" content=\"https:\/\/umarmia.de\/wp-content\/uploads\/2025\/08\/cropped-cropped-2025-08-22-Logo.png\" \/>\n\t<meta property=\"og:image:width\" content=\"512\" \/>\n\t<meta property=\"og:image:height\" content=\"512\" \/>\n\t<meta property=\"og:image:type\" content=\"image\/png\" \/>\n<meta name=\"twitter:card\" content=\"summary_large_image\" \/>\n<meta name=\"twitter:label1\" content=\"Gesch\u00e4tzte Lesezeit\" \/>\n\t<meta name=\"twitter:data1\" content=\"3\u00a0Minuten\" \/>\n<script type=\"application\/ld+json\" class=\"yoast-schema-graph\">{\"@context\":\"https:\/\/schema.org\",\"@graph\":[{\"@type\":\"WebPage\",\"@id\":\"https:\/\/umarmia.de\/?page_id=61\",\"url\":\"https:\/\/umarmia.de\/?page_id=61\",\"name\":\"\u00dcber Umarmia - Umarmia\",\"isPartOf\":{\"@id\":\"https:\/\/umarmia.de\/#website\"},\"primaryImageOfPage\":{\"@id\":\"https:\/\/umarmia.de\/?page_id=61#primaryimage\"},\"image\":{\"@id\":\"https:\/\/umarmia.de\/?page_id=61#primaryimage\"},\"thumbnailUrl\":\"https:\/\/umarmia.de\/wp-content\/uploads\/2025\/08\/cropped-cropped-2025-08-22-Logo.png\",\"datePublished\":\"2025-08-26T07:19:11+00:00\",\"dateModified\":\"2025-08-27T07:58:02+00:00\",\"breadcrumb\":{\"@id\":\"https:\/\/umarmia.de\/?page_id=61#breadcrumb\"},\"inLanguage\":\"de\",\"potentialAction\":[{\"@type\":\"ReadAction\",\"target\":[\"https:\/\/umarmia.de\/?page_id=61\"]}]},{\"@type\":\"ImageObject\",\"inLanguage\":\"de\",\"@id\":\"https:\/\/umarmia.de\/?page_id=61#primaryimage\",\"url\":\"https:\/\/umarmia.de\/wp-content\/uploads\/2025\/08\/cropped-cropped-2025-08-22-Logo.png\",\"contentUrl\":\"https:\/\/umarmia.de\/wp-content\/uploads\/2025\/08\/cropped-cropped-2025-08-22-Logo.png\",\"width\":512,\"height\":512,\"caption\":\"Logo Umarmia\"},{\"@type\":\"BreadcrumbList\",\"@id\":\"https:\/\/umarmia.de\/?page_id=61#breadcrumb\",\"itemListElement\":[{\"@type\":\"ListItem\",\"position\":1,\"name\":\"Startseite\",\"item\":\"https:\/\/umarmia.de\/\"},{\"@type\":\"ListItem\",\"position\":2,\"name\":\"\u00dcber Umarmia\"}]},{\"@type\":\"WebSite\",\"@id\":\"https:\/\/umarmia.de\/#website\",\"url\":\"https:\/\/umarmia.de\/\",\"name\":\"Umarmia\",\"description\":\"\",\"publisher\":{\"@id\":\"https:\/\/umarmia.de\/#organization\"},\"potentialAction\":[{\"@type\":\"SearchAction\",\"target\":{\"@type\":\"EntryPoint\",\"urlTemplate\":\"https:\/\/umarmia.de\/?s={search_term_string}\"},\"query-input\":{\"@type\":\"PropertyValueSpecification\",\"valueRequired\":true,\"valueName\":\"search_term_string\"}}],\"inLanguage\":\"de\"},{\"@type\":\"Organization\",\"@id\":\"https:\/\/umarmia.de\/#organization\",\"name\":\"Umarmia\",\"url\":\"https:\/\/umarmia.de\/\",\"logo\":{\"@type\":\"ImageObject\",\"inLanguage\":\"de\",\"@id\":\"https:\/\/umarmia.de\/#\/schema\/logo\/image\/\",\"url\":\"https:\/\/umarmia.de\/wp-content\/uploads\/2025\/08\/cropped-2025-08-22-Logo.png\",\"contentUrl\":\"https:\/\/umarmia.de\/wp-content\/uploads\/2025\/08\/cropped-2025-08-22-Logo.png\",\"width\":1024,\"height\":1024,\"caption\":\"Umarmia\"},\"image\":{\"@id\":\"https:\/\/umarmia.de\/#\/schema\/logo\/image\/\"}}]}<\/script>\n<!-- \/ Yoast SEO plugin. -->","yoast_head_json":{"title":"\u00dcber Umarmia - Umarmia","robots":{"index":"index","follow":"follow","max-snippet":"max-snippet:-1","max-image-preview":"max-image-preview:large","max-video-preview":"max-video-preview:-1"},"canonical":"https:\/\/umarmia.de\/?page_id=61","og_locale":"de_DE","og_type":"article","og_title":"\u00dcber Umarmia - Umarmia","og_description":"\u00dcber Umarmia Die Republik\u00a0Umarmia\u00a0ist ein junges, doch traditionsreiches Land der Geborgenheit.Gegr\u00fcndet wurde es am\u00a014. Tag im 1. Pl\u00fcsch des Kuschelmonats [&hellip;]","og_url":"https:\/\/umarmia.de\/?page_id=61","og_site_name":"Umarmia","article_modified_time":"2025-08-27T07:58:02+00:00","og_image":[{"width":512,"height":512,"url":"https:\/\/umarmia.de\/wp-content\/uploads\/2025\/08\/cropped-cropped-2025-08-22-Logo.png","type":"image\/png"}],"twitter_card":"summary_large_image","twitter_misc":{"Gesch\u00e4tzte Lesezeit":"3\u00a0Minuten"},"schema":{"@context":"https:\/\/schema.org","@graph":[{"@type":"WebPage","@id":"https:\/\/umarmia.de\/?page_id=61","url":"https:\/\/umarmia.de\/?page_id=61","name":"\u00dcber Umarmia - Umarmia","isPartOf":{"@id":"https:\/\/umarmia.de\/#website"},"primaryImageOfPage":{"@id":"https:\/\/umarmia.de\/?page_id=61#primaryimage"},"image":{"@id":"https:\/\/umarmia.de\/?page_id=61#primaryimage"},"thumbnailUrl":"https:\/\/umarmia.de\/wp-content\/uploads\/2025\/08\/cropped-cropped-2025-08-22-Logo.png","datePublished":"2025-08-26T07:19:11+00:00","dateModified":"2025-08-27T07:58:02+00:00","breadcrumb":{"@id":"https:\/\/umarmia.de\/?page_id=61#breadcrumb"},"inLanguage":"de","potentialAction":[{"@type":"ReadAction","target":["https:\/\/umarmia.de\/?page_id=61"]}]},{"@type":"ImageObject","inLanguage":"de","@id":"https:\/\/umarmia.de\/?page_id=61#primaryimage","url":"https:\/\/umarmia.de\/wp-content\/uploads\/2025\/08\/cropped-cropped-2025-08-22-Logo.png","contentUrl":"https:\/\/umarmia.de\/wp-content\/uploads\/2025\/08\/cropped-cropped-2025-08-22-Logo.png","width":512,"height":512,"caption":"Logo Umarmia"},{"@type":"BreadcrumbList","@id":"https:\/\/umarmia.de\/?page_id=61#breadcrumb","itemListElement":[{"@type":"ListItem","position":1,"name":"Startseite","item":"https:\/\/umarmia.de\/"},{"@type":"ListItem","position":2,"name":"\u00dcber Umarmia"}]},{"@type":"WebSite","@id":"https:\/\/umarmia.de\/#website","url":"https:\/\/umarmia.de\/","name":"Umarmia","description":"","publisher":{"@id":"https:\/\/umarmia.de\/#organization"},"potentialAction":[{"@type":"SearchAction","target":{"@type":"EntryPoint","urlTemplate":"https:\/\/umarmia.de\/?s={search_term_string}"},"query-input":{"@type":"PropertyValueSpecification","valueRequired":true,"valueName":"search_term_string"}}],"inLanguage":"de"},{"@type":"Organization","@id":"https:\/\/umarmia.de\/#organization","name":"Umarmia","url":"https:\/\/umarmia.de\/","logo":{"@type":"ImageObject","inLanguage":"de","@id":"https:\/\/umarmia.de\/#\/schema\/logo\/image\/","url":"https:\/\/umarmia.de\/wp-content\/uploads\/2025\/08\/cropped-2025-08-22-Logo.png","contentUrl":"https:\/\/umarmia.de\/wp-content\/uploads\/2025\/08\/cropped-2025-08-22-Logo.png","width":1024,"height":1024,"caption":"Umarmia"},"image":{"@id":"https:\/\/umarmia.de\/#\/schema\/logo\/image\/"}}]}},"_links":{"self":[{"href":"https:\/\/umarmia.de\/index.php?rest_route=\/wp\/v2\/pages\/61","targetHints":{"allow":["GET"]}}],"collection":[{"href":"https:\/\/umarmia.de\/index.php?rest_route=\/wp\/v2\/pages"}],"about":[{"href":"https:\/\/umarmia.de\/index.php?rest_route=\/wp\/v2\/types\/page"}],"author":[{"embeddable":true,"href":"https:\/\/umarmia.de\/index.php?rest_route=\/wp\/v2\/users\/1"}],"replies":[{"embeddable":true,"href":"https:\/\/umarmia.de\/index.php?rest_route=%2Fwp%2Fv2%2Fcomments&post=61"}],"version-history":[{"count":18,"href":"https:\/\/umarmia.de\/index.php?rest_route=\/wp\/v2\/pages\/61\/revisions"}],"predecessor-version":[{"id":122,"href":"https:\/\/umarmia.de\/index.php?rest_route=\/wp\/v2\/pages\/61\/revisions\/122"}],"wp:attachment":[{"href":"https:\/\/umarmia.de\/index.php?rest_route=%2Fwp%2Fv2%2Fmedia&parent=61"}],"curies":[{"name":"wp","href":"https:\/\/api.w.org\/{rel}","templated":true}]}}