{"id":187,"date":"2025-09-08T07:41:22","date_gmt":"2025-09-08T07:41:22","guid":{"rendered":"https:\/\/umarmia.de\/?page_id=187"},"modified":"2025-09-08T11:40:17","modified_gmt":"2025-09-08T11:40:17","slug":"geschichten-erzaehlungen","status":"publish","type":"page","link":"https:\/\/umarmia.de\/?page_id=187","title":{"rendered":"Geschichten &amp; Erz\u00e4hlungen"},"content":{"rendered":"\t\t<div data-elementor-type=\"wp-page\" data-elementor-id=\"187\" class=\"elementor elementor-187\" data-elementor-post-type=\"page\">\n\t\t\t\t<div class=\"elementor-element elementor-element-fe44b9b e-flex e-con-boxed e-con e-parent\" data-id=\"fe44b9b\" data-element_type=\"container\">\n\t\t\t\t\t<div class=\"e-con-inner\">\n\t\t\t\t<div class=\"elementor-element elementor-element-0f88be9 elementor-widget elementor-widget-heading\" data-id=\"0f88be9\" data-element_type=\"widget\" data-widget_type=\"heading.default\">\n\t\t\t\t\t<h1 class=\"elementor-heading-title elementor-size-default\">Geschichten &amp; Erz\u00e4hlungen<\/h1>\t\t\t\t<\/div>\n\t\t\t\t\t<\/div>\n\t\t\t\t<\/div>\n\t\t<div class=\"elementor-element elementor-element-2d06423 e-flex e-con-boxed e-con e-parent\" data-id=\"2d06423\" data-element_type=\"container\" data-settings=\"{&quot;background_background&quot;:&quot;classic&quot;}\">\n\t\t\t\t\t<div class=\"e-con-inner\">\n\t\t\t\t<div class=\"elementor-element elementor-element-0b51278 elementor-widget elementor-widget-text-editor\" data-id=\"0b51278\" data-element_type=\"widget\" data-widget_type=\"text-editor.default\">\n\t\t\t\t\t\t\t\t\t<p>Hier findest du eine kleine Sammlung an Geschichten, die in und um Umarmia spielen. Viel Spa\u00df beim Lesen!\u00a0<\/p>\t\t\t\t\t\t\t\t<\/div>\n\t\t\t\t<div class=\"elementor-element elementor-element-53c6dad elementor-widget elementor-widget-text-editor\" data-id=\"53c6dad\" data-element_type=\"widget\" data-widget_type=\"text-editor.default\">\n\t\t\t\t\t\t\t\t\t<p><a href=\"https:\/\/umarmia.de\/?page_id=192\"><strong>Das verschwundene Kuschelkissen<\/strong><\/a><\/p>\t\t\t\t\t\t\t\t<\/div>\n\t\t\t\t<div class=\"elementor-element elementor-element-04866b1 elementor-widget elementor-widget-text-editor\" data-id=\"04866b1\" data-element_type=\"widget\" data-widget_type=\"text-editor.default\">\n\t\t\t\t\t\t\t\t\t<p><a href=\"https:\/\/umarmia.de\/?page_id=215\"><strong>Auf der Suche nach dem verlorenen L\u00e4cheln<\/strong><\/a><\/p>\t\t\t\t\t\t\t\t<\/div>\n\t\t\t\t<div class=\"elementor-element elementor-element-0ea3a8b elementor-widget elementor-widget-text-editor\" data-id=\"0ea3a8b\" data-element_type=\"widget\" data-widget_type=\"text-editor.default\">\n\t\t\t\t\t\t\t\t\t<p>Lorem ipsum dolor sit amet, consectetur adipiscing elit. Ut elit tellus, luctus nec ullamcorper mattis, pulvinar dapibus leo.<\/p>\t\t\t\t\t\t\t\t<\/div>\n\t\t\t\t<div class=\"elementor-element elementor-element-686782a elementor-widget elementor-widget-text-editor\" data-id=\"686782a\" data-element_type=\"widget\" data-widget_type=\"text-editor.default\">\n\t\t\t\t\t\t\t\t\t<p>Lorem ipsum dolor sit amet, consectetur adipiscing elit. Ut elit tellus, luctus nec ullamcorper mattis, pulvinar dapibus leo.<\/p>\t\t\t\t\t\t\t\t<\/div>\n\t\t\t\t<div class=\"elementor-element elementor-element-215b249 elementor-widget elementor-widget-text-editor\" data-id=\"215b249\" data-element_type=\"widget\" data-widget_type=\"text-editor.default\">\n\t\t\t\t\t\t\t\t\t<p>Lorem ipsum dolor sit amet, consectetur adipiscing elit. Ut elit tellus, luctus nec ullamcorper mattis, pulvinar dapibus leo.<\/p>\t\t\t\t\t\t\t\t<\/div>\n\t\t\t\t<div class=\"elementor-element elementor-element-4054428 elementor-widget elementor-widget-text-editor\" data-id=\"4054428\" data-element_type=\"widget\" data-widget_type=\"text-editor.default\">\n\t\t\t\t\t\t\t\t\t<p>Lorem ipsum dolor sit amet, consectetur adipiscing elit. Ut elit tellus, luctus nec ullamcorper mattis, pulvinar dapibus leo.<\/p>\t\t\t\t\t\t\t\t<\/div>\n\t\t\t\t<div class=\"elementor-element elementor-element-64d2c67 elementor-widget elementor-widget-text-editor\" data-id=\"64d2c67\" data-element_type=\"widget\" data-widget_type=\"text-editor.default\">\n\t\t\t\t\t\t\t\t\t<p>Lorem ipsum dolor sit amet, consectetur adipiscing elit. Ut elit tellus, luctus nec ullamcorper mattis, pulvinar dapibus leo.<\/p>\t\t\t\t\t\t\t\t<\/div>\n\t\t\t\t\t<\/div>\n\t\t\t\t<\/div>\n\t\t\t\t<\/div>\n\t\t","protected":false},"excerpt":{"rendered":"<p>Geschichten &amp; Erz\u00e4hlungen Hier findest du eine kleine Sammlung an Geschichten, die in und um Umarmia spielen. Viel Spa\u00df beim [&hellip;]<\/p>\n","protected":false},"author":1,"featured_media":0,"parent":0,"menu_order":0,"comment_status":"closed","ping_status":"closed","template":"","meta":{"site-sidebar-layout":"no-sidebar","site-content-layout":"","ast-site-content-layout":"full-width-container","site-content-style":"default","site-sidebar-style":"default","ast-global-header-display":"","ast-banner-title-visibility":"","ast-main-header-display":"","ast-hfb-above-header-display":"","ast-hfb-below-header-display":"","ast-hfb-mobile-header-display":"","site-post-title":"disabled","ast-breadcrumbs-content":"","ast-featured-img":"disabled","footer-sml-layout":"","theme-transparent-header-meta":"","adv-header-id-meta":"","stick-header-meta":"","header-above-stick-meta":"","header-main-stick-meta":"","header-below-stick-meta":"","astra-migrate-meta-layouts":"default","ast-page-background-enabled":"default","ast-page-background-meta":{"desktop":{"background-color":"var(--ast-global-color-5)","background-image":"","background-repeat":"repeat","background-position":"center center","background-size":"auto","background-attachment":"scroll","background-type":"","background-media":"","overlay-type":"","overlay-color":"","overlay-opacity":"","overlay-gradient":""},"tablet":{"background-color":"","background-image":"","background-repeat":"repeat","background-position":"center center","background-size":"auto","background-attachment":"scroll","background-type":"","background-media":"","overlay-type":"","overlay-color":"","overlay-opacity":"","overlay-gradient":""},"mobile":{"background-color":"","background-image":"","background-repeat":"repeat","background-position":"center center","background-size":"auto","background-attachment":"scroll","background-type":"","background-media":"","overlay-type":"","overlay-color":"","overlay-opacity":"","overlay-gradient":""}},"ast-content-background-meta":{"desktop":{"background-color":"var(--ast-global-color-4)","background-image":"","background-repeat":"repeat","background-position":"center center","background-size":"auto","background-attachment":"scroll","background-type":"","background-media":"","overlay-type":"","overlay-color":"","overlay-opacity":"","overlay-gradient":""},"tablet":{"background-color":"var(--ast-global-color-4)","background-image":"","background-repeat":"repeat","background-position":"center center","background-size":"auto","background-attachment":"scroll","background-type":"","background-media":"","overlay-type":"","overlay-color":"","overlay-opacity":"","overlay-gradient":""},"mobile":{"background-color":"var(--ast-global-color-4)","background-image":"","background-repeat":"repeat","background-position":"center center","background-size":"auto","background-attachment":"scroll","background-type":"","background-media":"","overlay-type":"","overlay-color":"","overlay-opacity":"","overlay-gradient":""}},"footnotes":""},"class_list":["post-187","page","type-page","status-publish","hentry"],"yoast_head":"<!-- This site is optimized with the Yoast SEO plugin v25.7 - https:\/\/yoast.com\/wordpress\/plugins\/seo\/ -->\n<title>Geschichten &amp; Erz\u00e4hlungen - Umarmia<\/title>\n<meta name=\"robots\" content=\"index, follow, max-snippet:-1, max-image-preview:large, max-video-preview:-1\" \/>\n<link rel=\"canonical\" href=\"https:\/\/umarmia.de\/?page_id=187\" \/>\n<meta property=\"og:locale\" content=\"de_DE\" \/>\n<meta property=\"og:type\" content=\"article\" \/>\n<meta property=\"og:title\" content=\"Geschichten &amp; Erz\u00e4hlungen - Umarmia\" \/>\n<meta property=\"og:description\" content=\"Geschichten &amp; Erz\u00e4hlungen Hier findest du eine kleine Sammlung an Geschichten, die in und um Umarmia spielen. Viel Spa\u00df beim [&hellip;]\" \/>\n<meta property=\"og:url\" content=\"https:\/\/umarmia.de\/?page_id=187\" \/>\n<meta property=\"og:site_name\" content=\"Umarmia\" \/>\n<meta property=\"article:modified_time\" content=\"2025-09-08T11:40:17+00:00\" \/>\n<meta name=\"twitter:card\" content=\"summary_large_image\" \/>\n<meta name=\"twitter:label1\" content=\"Gesch\u00e4tzte Lesezeit\" \/>\n\t<meta name=\"twitter:data1\" content=\"1\u00a0Minute\" \/>\n<script type=\"application\/ld+json\" class=\"yoast-schema-graph\">{\"@context\":\"https:\/\/schema.org\",\"@graph\":[{\"@type\":\"WebPage\",\"@id\":\"https:\/\/umarmia.de\/?page_id=187\",\"url\":\"https:\/\/umarmia.de\/?page_id=187\",\"name\":\"Geschichten &amp; Erz\u00e4hlungen - Umarmia\",\"isPartOf\":{\"@id\":\"https:\/\/umarmia.de\/#website\"},\"datePublished\":\"2025-09-08T07:41:22+00:00\",\"dateModified\":\"2025-09-08T11:40:17+00:00\",\"breadcrumb\":{\"@id\":\"https:\/\/umarmia.de\/?page_id=187#breadcrumb\"},\"inLanguage\":\"de\",\"potentialAction\":[{\"@type\":\"ReadAction\",\"target\":[\"https:\/\/umarmia.de\/?page_id=187\"]}]},{\"@type\":\"BreadcrumbList\",\"@id\":\"https:\/\/umarmia.de\/?page_id=187#breadcrumb\",\"itemListElement\":[{\"@type\":\"ListItem\",\"position\":1,\"name\":\"Startseite\",\"item\":\"https:\/\/umarmia.de\/\"},{\"@type\":\"ListItem\",\"position\":2,\"name\":\"Geschichten &amp; Erz\u00e4hlungen\"}]},{\"@type\":\"WebSite\",\"@id\":\"https:\/\/umarmia.de\/#website\",\"url\":\"https:\/\/umarmia.de\/\",\"name\":\"Umarmia\",\"description\":\"\",\"publisher\":{\"@id\":\"https:\/\/umarmia.de\/#organization\"},\"potentialAction\":[{\"@type\":\"SearchAction\",\"target\":{\"@type\":\"EntryPoint\",\"urlTemplate\":\"https:\/\/umarmia.de\/?s={search_term_string}\"},\"query-input\":{\"@type\":\"PropertyValueSpecification\",\"valueRequired\":true,\"valueName\":\"search_term_string\"}}],\"inLanguage\":\"de\"},{\"@type\":\"Organization\",\"@id\":\"https:\/\/umarmia.de\/#organization\",\"name\":\"Umarmia\",\"url\":\"https:\/\/umarmia.de\/\",\"logo\":{\"@type\":\"ImageObject\",\"inLanguage\":\"de\",\"@id\":\"https:\/\/umarmia.de\/#\/schema\/logo\/image\/\",\"url\":\"https:\/\/umarmia.de\/wp-content\/uploads\/2025\/08\/cropped-2025-08-22-Logo.png\",\"contentUrl\":\"https:\/\/umarmia.de\/wp-content\/uploads\/2025\/08\/cropped-2025-08-22-Logo.png\",\"width\":1024,\"height\":1024,\"caption\":\"Umarmia\"},\"image\":{\"@id\":\"https:\/\/umarmia.de\/#\/schema\/logo\/image\/\"}}]}<\/script>\n<!-- \/ Yoast SEO plugin. -->","yoast_head_json":{"title":"Geschichten &amp; Erz\u00e4hlungen - Umarmia","robots":{"index":"index","follow":"follow","max-snippet":"max-snippet:-1","max-image-preview":"max-image-preview:large","max-video-preview":"max-video-preview:-1"},"canonical":"https:\/\/umarmia.de\/?page_id=187","og_locale":"de_DE","og_type":"article","og_title":"Geschichten &amp; Erz\u00e4hlungen - Umarmia","og_description":"Geschichten &amp; Erz\u00e4hlungen Hier findest du eine kleine Sammlung an Geschichten, die in und um Umarmia spielen. Viel Spa\u00df beim [&hellip;]","og_url":"https:\/\/umarmia.de\/?page_id=187","og_site_name":"Umarmia","article_modified_time":"2025-09-08T11:40:17+00:00","twitter_card":"summary_large_image","twitter_misc":{"Gesch\u00e4tzte Lesezeit":"1\u00a0Minute"},"schema":{"@context":"https:\/\/schema.org","@graph":[{"@type":"WebPage","@id":"https:\/\/umarmia.de\/?page_id=187","url":"https:\/\/umarmia.de\/?page_id=187","name":"Geschichten &amp; Erz\u00e4hlungen - Umarmia","isPartOf":{"@id":"https:\/\/umarmia.de\/#website"},"datePublished":"2025-09-08T07:41:22+00:00","dateModified":"2025-09-08T11:40:17+00:00","breadcrumb":{"@id":"https:\/\/umarmia.de\/?page_id=187#breadcrumb"},"inLanguage":"de","potentialAction":[{"@type":"ReadAction","target":["https:\/\/umarmia.de\/?page_id=187"]}]},{"@type":"BreadcrumbList","@id":"https:\/\/umarmia.de\/?page_id=187#breadcrumb","itemListElement":[{"@type":"ListItem","position":1,"name":"Startseite","item":"https:\/\/umarmia.de\/"},{"@type":"ListItem","position":2,"name":"Geschichten &amp; Erz\u00e4hlungen"}]},{"@type":"WebSite","@id":"https:\/\/umarmia.de\/#website","url":"https:\/\/umarmia.de\/","name":"Umarmia","description":"","publisher":{"@id":"https:\/\/umarmia.de\/#organization"},"potentialAction":[{"@type":"SearchAction","target":{"@type":"EntryPoint","urlTemplate":"https:\/\/umarmia.de\/?s={search_term_string}"},"query-input":{"@type":"PropertyValueSpecification","valueRequired":true,"valueName":"search_term_string"}}],"inLanguage":"de"},{"@type":"Organization","@id":"https:\/\/umarmia.de\/#organization","name":"Umarmia","url":"https:\/\/umarmia.de\/","logo":{"@type":"ImageObject","inLanguage":"de","@id":"https:\/\/umarmia.de\/#\/schema\/logo\/image\/","url":"https:\/\/umarmia.de\/wp-content\/uploads\/2025\/08\/cropped-2025-08-22-Logo.png","contentUrl":"https:\/\/umarmia.de\/wp-content\/uploads\/2025\/08\/cropped-2025-08-22-Logo.png","width":1024,"height":1024,"caption":"Umarmia"},"image":{"@id":"https:\/\/umarmia.de\/#\/schema\/logo\/image\/"}}]}},"_links":{"self":[{"href":"https:\/\/umarmia.de\/index.php?rest_route=\/wp\/v2\/pages\/187","targetHints":{"allow":["GET"]}}],"collection":[{"href":"https:\/\/umarmia.de\/index.php?rest_route=\/wp\/v2\/pages"}],"about":[{"href":"https:\/\/umarmia.de\/index.php?rest_route=\/wp\/v2\/types\/page"}],"author":[{"embeddable":true,"href":"https:\/\/umarmia.de\/index.php?rest_route=\/wp\/v2\/users\/1"}],"replies":[{"embeddable":true,"href":"https:\/\/umarmia.de\/index.php?rest_route=%2Fwp%2Fv2%2Fcomments&post=187"}],"version-history":[{"count":10,"href":"https:\/\/umarmia.de\/index.php?rest_route=\/wp\/v2\/pages\/187\/revisions"}],"predecessor-version":[{"id":224,"href":"https:\/\/umarmia.de\/index.php?rest_route=\/wp\/v2\/pages\/187\/revisions\/224"}],"wp:attachment":[{"href":"https:\/\/umarmia.de\/index.php?rest_route=%2Fwp%2Fv2%2Fmedia&parent=187"}],"curies":[{"name":"wp","href":"https:\/\/api.w.org\/{rel}","templated":true}]}}