{"id":13,"date":"2025-08-25T13:02:20","date_gmt":"2025-08-25T13:02:20","guid":{"rendered":"https:\/\/umarmia.de\/?page_id=13"},"modified":"2025-08-27T14:32:14","modified_gmt":"2025-08-27T14:32:14","slug":"startseite","status":"publish","type":"page","link":"https:\/\/umarmia.de\/","title":{"rendered":"Startseite"},"content":{"rendered":"\t\t<div data-elementor-type=\"wp-page\" data-elementor-id=\"13\" class=\"elementor elementor-13\" data-elementor-post-type=\"page\">\n\t\t\t\t<div class=\"elementor-element elementor-element-966e568 e-flex e-con-boxed e-con e-parent\" data-id=\"966e568\" data-element_type=\"container\">\n\t\t\t\t\t<div class=\"e-con-inner\">\n\t\t\t\t<div class=\"elementor-element elementor-element-47bfffa elementor-widget elementor-widget-heading\" data-id=\"47bfffa\" data-element_type=\"widget\" data-widget_type=\"heading.default\">\n\t\t\t\t\t<h1 class=\"elementor-heading-title elementor-size-default\">Umarmia <\/h1>\t\t\t\t<\/div>\n\t\t\t\t\t<\/div>\n\t\t\t\t<\/div>\n\t\t<div class=\"elementor-element elementor-element-6bcf285 e-flex e-con-boxed e-con e-parent\" data-id=\"6bcf285\" data-element_type=\"container\">\n\t\t\t\t\t<div class=\"e-con-inner\">\n\t\t\t\t<div class=\"elementor-element elementor-element-79bebe2 elementor-widget elementor-widget-text-editor\" data-id=\"79bebe2\" data-element_type=\"widget\" data-widget_type=\"text-editor.default\">\n\t\t\t\t\t\t\t\t\t<p style=\"font-weight: 400;\"><strong>Willkommen in der Gemeinschaft Umarmia! \ud83e\udd0e<br \/><\/strong>Die Republik Umarmia hei\u00dft alle B\u00fcrgerinnen und B\u00fcrger, Kuscheltiere, Freundinnen und Freunde herzlich willkommen.\u00a0<\/p>\t\t\t\t\t\t\t\t<\/div>\n\t\t\t\t\t<\/div>\n\t\t\t\t<\/div>\n\t\t<div class=\"elementor-element elementor-element-97fd180 e-flex e-con-boxed e-con e-parent\" data-id=\"97fd180\" data-element_type=\"container\">\n\t\t\t\t\t<div class=\"e-con-inner\">\n\t\t\t\t<div class=\"elementor-element elementor-element-185588b elementor-widget elementor-widget-text-editor\" data-id=\"185588b\" data-element_type=\"widget\" data-widget_type=\"text-editor.default\">\n\t\t\t\t\t\t\t\t\t<p style=\"font-weight: 400;\">Unsere Gemeinschaft wurde gegr\u00fcndet, um <strong>W\u00e4rme, Geborgenheit und Freundschaft<\/strong>\u00a0zu bewahren \u2013 Werte, die bei uns Verfassungsrang haben.<br \/><span style=\"font-weight: 400;\">In Umarmia gilt das Prinzip der\u00a0<strong>Gleichflauschigkeit<\/strong>: Jedes Wesen \u2013 ob Teddyb\u00e4r, Hase, Fantasiedrache oder Mensch \u2013 ist gleich wertvoll und findet hier seinen Platz.<\/span><\/p>\t\t\t\t\t\t\t\t<\/div>\n\t\t\t\t\t<\/div>\n\t\t\t\t<\/div>\n\t\t<div class=\"elementor-element elementor-element-fca510c e-flex e-con-boxed e-con e-parent\" data-id=\"fca510c\" data-element_type=\"container\" data-settings=\"{&quot;background_background&quot;:&quot;classic&quot;}\">\n\t\t\t\t\t<div class=\"e-con-inner\">\n\t\t\t\t<div class=\"elementor-element elementor-element-189bdc5 elementor-widget elementor-widget-text-editor\" data-id=\"189bdc5\" data-element_type=\"widget\" data-widget_type=\"text-editor.default\">\n\t\t\t\t\t\t\t\t\t<p style=\"font-weight: 400;\"><strong>Unsere Leitgedanken<br \/><\/strong>\u2728 Umarmungen sind Grundrecht. \u2728<br \/>\u2728 Niemand bleibt allein. \u2728<br \/>\u2728 Streit wird mit Zuh\u00f6ren, Geschichten und Knuddeln gel\u00f6st. \u2728<br \/>\u2728 Gemeinsam sorgen wir daf\u00fcr, dass Umarmia ein Reich des Wohlf\u00fchlens bleibt. \u2728<\/p>\t\t\t\t\t\t\t\t<\/div>\n\t\t\t\t\t<\/div>\n\t\t\t\t<\/div>\n\t\t<div class=\"elementor-element elementor-element-2924e7b e-flex e-con-boxed e-con e-parent\" data-id=\"2924e7b\" data-element_type=\"container\" data-settings=\"{&quot;background_background&quot;:&quot;classic&quot;}\">\n\t\t\t\t\t<div class=\"e-con-inner\">\n\t\t\t\t<div class=\"elementor-element elementor-element-9547f19 elementor-widget elementor-widget-text-editor\" data-id=\"9547f19\" data-element_type=\"widget\" data-widget_type=\"text-editor.default\">\n\t\t\t\t\t\t\t\t\t<p style=\"font-weight: 400;\">Diese Homepage dient einerseits als offizielles Tor zur Republik: Hier findest du Informationen \u00fcber unsere Verfassung, den Kuschelrat und die Institutionen des Landes.<br \/>Gleichzeitig m\u00f6chten wir dich einladen, den\u00a0<strong>m\u00e4rchenhaften Charakter<\/strong>\u00a0von Umarmia zu erleben: eine Welt aus Flauschwiesen, Kissenbergen und Lichtherzen, die jedem ein Gef\u00fchl von Zuhause schenkt.<\/p>\t\t\t\t\t\t\t\t<\/div>\n\t\t\t\t\t<\/div>\n\t\t\t\t<\/div>\n\t\t<div class=\"elementor-element elementor-element-7065915 e-flex e-con-boxed e-con e-parent\" data-id=\"7065915\" data-element_type=\"container\" data-settings=\"{&quot;background_background&quot;:&quot;classic&quot;}\">\n\t\t\t\t\t<div class=\"e-con-inner\">\n\t\t\t\t<div class=\"elementor-element elementor-element-4243707 elementor-widget elementor-widget-text-editor\" data-id=\"4243707\" data-element_type=\"widget\" data-widget_type=\"text-editor.default\">\n\t\t\t\t\t\t\t\t\t<div><b>Umarmia ist nicht nur ein Staat, es ist ein Gef\u00fchl.<\/b><\/div><p>Herzlich Willkommen! \u2728\ud83e\uddf8<\/p>\t\t\t\t\t\t\t\t<\/div>\n\t\t\t\t\t<\/div>\n\t\t\t\t<\/div>\n\t\t\t\t<\/div>\n\t\t","protected":false},"excerpt":{"rendered":"<p>Umarmia Willkommen in der Gemeinschaft Umarmia! \ud83e\udd0eDie Republik Umarmia hei\u00dft alle B\u00fcrgerinnen und B\u00fcrger, Kuscheltiere, Freundinnen und Freunde herzlich willkommen.\u00a0 [&hellip;]<\/p>\n","protected":false},"author":1,"featured_media":0,"parent":0,"menu_order":0,"comment_status":"closed","ping_status":"closed","template":"","meta":{"site-sidebar-layout":"no-sidebar","site-content-layout":"","ast-site-content-layout":"full-width-container","site-content-style":"default","site-sidebar-style":"default","ast-global-header-display":"","ast-banner-title-visibility":"","ast-main-header-display":"","ast-hfb-above-header-display":"","ast-hfb-below-header-display":"","ast-hfb-mobile-header-display":"","site-post-title":"disabled","ast-breadcrumbs-content":"","ast-featured-img":"disabled","footer-sml-layout":"","theme-transparent-header-meta":"","adv-header-id-meta":"","stick-header-meta":"","header-above-stick-meta":"","header-main-stick-meta":"","header-below-stick-meta":"","astra-migrate-meta-layouts":"default","ast-page-background-enabled":"default","ast-page-background-meta":{"desktop":{"background-color":"var(--ast-global-color-5)","background-image":"","background-repeat":"repeat","background-position":"center center","background-size":"auto","background-attachment":"scroll","background-type":"","background-media":"","overlay-type":"","overlay-color":"","overlay-opacity":"","overlay-gradient":""},"tablet":{"background-color":"","background-image":"","background-repeat":"repeat","background-position":"center center","background-size":"auto","background-attachment":"scroll","background-type":"","background-media":"","overlay-type":"","overlay-color":"","overlay-opacity":"","overlay-gradient":""},"mobile":{"background-color":"","background-image":"","background-repeat":"repeat","background-position":"center center","background-size":"auto","background-attachment":"scroll","background-type":"","background-media":"","overlay-type":"","overlay-color":"","overlay-opacity":"","overlay-gradient":""}},"ast-content-background-meta":{"desktop":{"background-color":"var(--ast-global-color-4)","background-image":"","background-repeat":"repeat","background-position":"center center","background-size":"auto","background-attachment":"scroll","background-type":"","background-media":"","overlay-type":"","overlay-color":"","overlay-opacity":"","overlay-gradient":""},"tablet":{"background-color":"var(--ast-global-color-4)","background-image":"","background-repeat":"repeat","background-position":"center center","background-size":"auto","background-attachment":"scroll","background-type":"","background-media":"","overlay-type":"","overlay-color":"","overlay-opacity":"","overlay-gradient":""},"mobile":{"background-color":"var(--ast-global-color-4)","background-image":"","background-repeat":"repeat","background-position":"center center","background-size":"auto","background-attachment":"scroll","background-type":"","background-media":"","overlay-type":"","overlay-color":"","overlay-opacity":"","overlay-gradient":""}},"footnotes":""},"class_list":["post-13","page","type-page","status-publish","hentry"],"yoast_head":"<!-- This site is optimized with the Yoast SEO plugin v25.7 - https:\/\/yoast.com\/wordpress\/plugins\/seo\/ -->\n<title>Startseite - Umarmia<\/title>\n<meta name=\"robots\" content=\"index, follow, max-snippet:-1, max-image-preview:large, max-video-preview:-1\" \/>\n<link rel=\"canonical\" href=\"https:\/\/umarmia.de\/\" \/>\n<meta property=\"og:locale\" content=\"de_DE\" \/>\n<meta property=\"og:type\" content=\"article\" \/>\n<meta property=\"og:title\" content=\"Startseite - Umarmia\" \/>\n<meta property=\"og:description\" content=\"Umarmia Willkommen in der Gemeinschaft Umarmia! \ud83e\udd0eDie Republik Umarmia hei\u00dft alle B\u00fcrgerinnen und B\u00fcrger, Kuscheltiere, Freundinnen und Freunde herzlich willkommen.\u00a0 [&hellip;]\" \/>\n<meta property=\"og:url\" content=\"https:\/\/umarmia.de\/\" \/>\n<meta property=\"og:site_name\" content=\"Umarmia\" \/>\n<meta property=\"article:modified_time\" content=\"2025-08-27T14:32:14+00:00\" \/>\n<meta name=\"twitter:card\" content=\"summary_large_image\" \/>\n<meta name=\"twitter:label1\" content=\"Gesch\u00e4tzte Lesezeit\" \/>\n\t<meta name=\"twitter:data1\" content=\"1\u00a0Minute\" \/>\n<script type=\"application\/ld+json\" class=\"yoast-schema-graph\">{\"@context\":\"https:\/\/schema.org\",\"@graph\":[{\"@type\":\"WebPage\",\"@id\":\"https:\/\/umarmia.de\/\",\"url\":\"https:\/\/umarmia.de\/\",\"name\":\"Startseite - Umarmia\",\"isPartOf\":{\"@id\":\"https:\/\/umarmia.de\/#website\"},\"datePublished\":\"2025-08-25T13:02:20+00:00\",\"dateModified\":\"2025-08-27T14:32:14+00:00\",\"breadcrumb\":{\"@id\":\"https:\/\/umarmia.de\/#breadcrumb\"},\"inLanguage\":\"de\",\"potentialAction\":[{\"@type\":\"ReadAction\",\"target\":[\"https:\/\/umarmia.de\/\"]}]},{\"@type\":\"BreadcrumbList\",\"@id\":\"https:\/\/umarmia.de\/#breadcrumb\",\"itemListElement\":[{\"@type\":\"ListItem\",\"position\":1,\"name\":\"Startseite\",\"item\":\"https:\/\/umarmia.de\/\"},{\"@type\":\"ListItem\",\"position\":2,\"name\":\"Startseite\"}]},{\"@type\":\"WebSite\",\"@id\":\"https:\/\/umarmia.de\/#website\",\"url\":\"https:\/\/umarmia.de\/\",\"name\":\"Umarmia\",\"description\":\"\",\"publisher\":{\"@id\":\"https:\/\/umarmia.de\/#organization\"},\"potentialAction\":[{\"@type\":\"SearchAction\",\"target\":{\"@type\":\"EntryPoint\",\"urlTemplate\":\"https:\/\/umarmia.de\/?s={search_term_string}\"},\"query-input\":{\"@type\":\"PropertyValueSpecification\",\"valueRequired\":true,\"valueName\":\"search_term_string\"}}],\"inLanguage\":\"de\"},{\"@type\":\"Organization\",\"@id\":\"https:\/\/umarmia.de\/#organization\",\"name\":\"Umarmia\",\"url\":\"https:\/\/umarmia.de\/\",\"logo\":{\"@type\":\"ImageObject\",\"inLanguage\":\"de\",\"@id\":\"https:\/\/umarmia.de\/#\/schema\/logo\/image\/\",\"url\":\"https:\/\/umarmia.de\/wp-content\/uploads\/2025\/08\/cropped-2025-08-22-Logo.png\",\"contentUrl\":\"https:\/\/umarmia.de\/wp-content\/uploads\/2025\/08\/cropped-2025-08-22-Logo.png\",\"width\":1024,\"height\":1024,\"caption\":\"Umarmia\"},\"image\":{\"@id\":\"https:\/\/umarmia.de\/#\/schema\/logo\/image\/\"}}]}<\/script>\n<!-- \/ Yoast SEO plugin. -->","yoast_head_json":{"title":"Startseite - Umarmia","robots":{"index":"index","follow":"follow","max-snippet":"max-snippet:-1","max-image-preview":"max-image-preview:large","max-video-preview":"max-video-preview:-1"},"canonical":"https:\/\/umarmia.de\/","og_locale":"de_DE","og_type":"article","og_title":"Startseite - Umarmia","og_description":"Umarmia Willkommen in der Gemeinschaft Umarmia! \ud83e\udd0eDie Republik Umarmia hei\u00dft alle B\u00fcrgerinnen und B\u00fcrger, Kuscheltiere, Freundinnen und Freunde herzlich willkommen.\u00a0 [&hellip;]","og_url":"https:\/\/umarmia.de\/","og_site_name":"Umarmia","article_modified_time":"2025-08-27T14:32:14+00:00","twitter_card":"summary_large_image","twitter_misc":{"Gesch\u00e4tzte Lesezeit":"1\u00a0Minute"},"schema":{"@context":"https:\/\/schema.org","@graph":[{"@type":"WebPage","@id":"https:\/\/umarmia.de\/","url":"https:\/\/umarmia.de\/","name":"Startseite - Umarmia","isPartOf":{"@id":"https:\/\/umarmia.de\/#website"},"datePublished":"2025-08-25T13:02:20+00:00","dateModified":"2025-08-27T14:32:14+00:00","breadcrumb":{"@id":"https:\/\/umarmia.de\/#breadcrumb"},"inLanguage":"de","potentialAction":[{"@type":"ReadAction","target":["https:\/\/umarmia.de\/"]}]},{"@type":"BreadcrumbList","@id":"https:\/\/umarmia.de\/#breadcrumb","itemListElement":[{"@type":"ListItem","position":1,"name":"Startseite","item":"https:\/\/umarmia.de\/"},{"@type":"ListItem","position":2,"name":"Startseite"}]},{"@type":"WebSite","@id":"https:\/\/umarmia.de\/#website","url":"https:\/\/umarmia.de\/","name":"Umarmia","description":"","publisher":{"@id":"https:\/\/umarmia.de\/#organization"},"potentialAction":[{"@type":"SearchAction","target":{"@type":"EntryPoint","urlTemplate":"https:\/\/umarmia.de\/?s={search_term_string}"},"query-input":{"@type":"PropertyValueSpecification","valueRequired":true,"valueName":"search_term_string"}}],"inLanguage":"de"},{"@type":"Organization","@id":"https:\/\/umarmia.de\/#organization","name":"Umarmia","url":"https:\/\/umarmia.de\/","logo":{"@type":"ImageObject","inLanguage":"de","@id":"https:\/\/umarmia.de\/#\/schema\/logo\/image\/","url":"https:\/\/umarmia.de\/wp-content\/uploads\/2025\/08\/cropped-2025-08-22-Logo.png","contentUrl":"https:\/\/umarmia.de\/wp-content\/uploads\/2025\/08\/cropped-2025-08-22-Logo.png","width":1024,"height":1024,"caption":"Umarmia"},"image":{"@id":"https:\/\/umarmia.de\/#\/schema\/logo\/image\/"}}]}},"_links":{"self":[{"href":"https:\/\/umarmia.de\/index.php?rest_route=\/wp\/v2\/pages\/13","targetHints":{"allow":["GET"]}}],"collection":[{"href":"https:\/\/umarmia.de\/index.php?rest_route=\/wp\/v2\/pages"}],"about":[{"href":"https:\/\/umarmia.de\/index.php?rest_route=\/wp\/v2\/types\/page"}],"author":[{"embeddable":true,"href":"https:\/\/umarmia.de\/index.php?rest_route=\/wp\/v2\/users\/1"}],"replies":[{"embeddable":true,"href":"https:\/\/umarmia.de\/index.php?rest_route=%2Fwp%2Fv2%2Fcomments&post=13"}],"version-history":[{"count":20,"href":"https:\/\/umarmia.de\/index.php?rest_route=\/wp\/v2\/pages\/13\/revisions"}],"predecessor-version":[{"id":169,"href":"https:\/\/umarmia.de\/index.php?rest_route=\/wp\/v2\/pages\/13\/revisions\/169"}],"wp:attachment":[{"href":"https:\/\/umarmia.de\/index.php?rest_route=%2Fwp%2Fv2%2Fmedia&parent=13"}],"curies":[{"name":"wp","href":"https:\/\/api.w.org\/{rel}","templated":true}]}}